{"id":499,"date":"2018-10-29T13:03:51","date_gmt":"2018-10-29T12:03:51","guid":{"rendered":"https:\/\/www.betonskiokrasniizdelki.si\/?page_id=499"},"modified":"2025-06-23T09:47:16","modified_gmt":"2025-06-23T07:47:16","slug":"499-2","status":"publish","type":"page","link":"http:\/\/www.betonskiokrasniizdelki.si\/?page_id=499","title":{"rendered":"Konji in ko\u010dija iz betona dol\u017eine pribli\u017eno270 cm"},"content":{"rendered":"\n<div class=\"wp-block-columns is-layout-flex wp-container-core-columns-is-layout-9d6595d7 wp-block-columns-is-layout-flex\">\n<div class=\"wp-block-column is-layout-flow wp-block-column-is-layout-flow\" style=\"flex-basis:100%\"><\/div>\n<\/div>\n\n\n\n<figure class=\"wp-block-gallery has-nested-images columns-default is-cropped wp-block-gallery-1 is-layout-flex wp-block-gallery-is-layout-flex\">\n<figure class=\"wp-block-image size-large\"><a href=\"https:\/\/www.betonskiokrasniizdelki.si\/wp-content\/uploads\/2024\/03\/429589691_2432473323608462_4571631921527330103_n.jpg\"><img loading=\"lazy\" decoding=\"async\" width=\"768\" height=\"1024\" data-id=\"1171\" src=\"https:\/\/www.betonskiokrasniizdelki.si\/wp-content\/uploads\/2024\/03\/429589691_2432473323608462_4571631921527330103_n-768x1024.jpg\" alt=\"\" class=\"wp-image-1171\" srcset=\"http:\/\/www.betonskiokrasniizdelki.si\/wp-content\/uploads\/2024\/03\/429589691_2432473323608462_4571631921527330103_n-768x1024.jpg 768w, http:\/\/www.betonskiokrasniizdelki.si\/wp-content\/uploads\/2024\/03\/429589691_2432473323608462_4571631921527330103_n-225x300.jpg 225w, http:\/\/www.betonskiokrasniizdelki.si\/wp-content\/uploads\/2024\/03\/429589691_2432473323608462_4571631921527330103_n-1152x1536.jpg 1152w, http:\/\/www.betonskiokrasniizdelki.si\/wp-content\/uploads\/2024\/03\/429589691_2432473323608462_4571631921527330103_n-676x901.jpg 676w, http:\/\/www.betonskiokrasniizdelki.si\/wp-content\/uploads\/2024\/03\/429589691_2432473323608462_4571631921527330103_n.jpg 1536w\" sizes=\"auto, (max-width: 768px) 100vw, 768px\" \/><\/a><figcaption class=\"wp-element-caption\"> <strong>     KONJI\u010cEK   V 85 cm<br>                                D 96 cm<br>                                            cena 300,00\u20ac<\/strong><\/figcaption><\/figure>\n<\/figure>\n\n\n\n<figure class=\"wp-block-gallery has-nested-images columns-default is-cropped wp-block-gallery-2 is-layout-flex wp-block-gallery-is-layout-flex\">\n<figure class=\"wp-block-image size-large\"><a href=\"https:\/\/www.betonskiokrasniizdelki.si\/wp-content\/uploads\/2022\/06\/19989421_1980123635557854_7138485012752365997_n.jpg\"><img loading=\"lazy\" decoding=\"async\" width=\"960\" height=\"720\" data-id=\"1120\" src=\"https:\/\/www.betonskiokrasniizdelki.si\/wp-content\/uploads\/2022\/06\/19989421_1980123635557854_7138485012752365997_n.jpg\" alt=\"\" class=\"wp-image-1120\" srcset=\"http:\/\/www.betonskiokrasniizdelki.si\/wp-content\/uploads\/2022\/06\/19989421_1980123635557854_7138485012752365997_n.jpg 960w, http:\/\/www.betonskiokrasniizdelki.si\/wp-content\/uploads\/2022\/06\/19989421_1980123635557854_7138485012752365997_n-300x225.jpg 300w, http:\/\/www.betonskiokrasniizdelki.si\/wp-content\/uploads\/2022\/06\/19989421_1980123635557854_7138485012752365997_n-768x576.jpg 768w, http:\/\/www.betonskiokrasniizdelki.si\/wp-content\/uploads\/2022\/06\/19989421_1980123635557854_7138485012752365997_n-676x507.jpg 676w\" sizes=\"auto, (max-width: 960px) 100vw, 960px\" \/><\/a><\/figure>\n\n\n\n<figure class=\"wp-block-image size-large\"><a href=\"https:\/\/www.betonskiokrasniizdelki.si\/wp-content\/uploads\/2022\/06\/bprn01-967-kg-320x80x85.jpg\"><img loading=\"lazy\" decoding=\"async\" width=\"404\" height=\"326\" data-id=\"1121\" src=\"https:\/\/www.betonskiokrasniizdelki.si\/wp-content\/uploads\/2022\/06\/bprn01-967-kg-320x80x85.jpg\" alt=\"\" class=\"wp-image-1121\" srcset=\"http:\/\/www.betonskiokrasniizdelki.si\/wp-content\/uploads\/2022\/06\/bprn01-967-kg-320x80x85.jpg 404w, http:\/\/www.betonskiokrasniizdelki.si\/wp-content\/uploads\/2022\/06\/bprn01-967-kg-320x80x85-300x242.jpg 300w\" sizes=\"auto, (max-width: 404px) 100vw, 404px\" \/><\/a><\/figure>\n<\/figure>\n\n\n\n<figure class=\"wp-block-gallery has-nested-images columns-default is-cropped wp-block-gallery-3 is-layout-flex wp-block-gallery-is-layout-flex\">\n<figure class=\"wp-block-image size-large\"><a href=\"https:\/\/www.betonskiokrasniizdelki.si\/wp-content\/uploads\/2024\/03\/430459090_2437486929773768_8863809317318156386_n.jpg\"><img loading=\"lazy\" decoding=\"async\" width=\"2048\" height=\"1536\" data-id=\"1137\" src=\"https:\/\/www.betonskiokrasniizdelki.si\/wp-content\/uploads\/2024\/03\/430459090_2437486929773768_8863809317318156386_n.jpg\" alt=\"\" class=\"wp-image-1137\" srcset=\"http:\/\/www.betonskiokrasniizdelki.si\/wp-content\/uploads\/2024\/03\/430459090_2437486929773768_8863809317318156386_n.jpg 2048w, http:\/\/www.betonskiokrasniizdelki.si\/wp-content\/uploads\/2024\/03\/430459090_2437486929773768_8863809317318156386_n-300x225.jpg 300w, http:\/\/www.betonskiokrasniizdelki.si\/wp-content\/uploads\/2024\/03\/430459090_2437486929773768_8863809317318156386_n-1024x768.jpg 1024w, http:\/\/www.betonskiokrasniizdelki.si\/wp-content\/uploads\/2024\/03\/430459090_2437486929773768_8863809317318156386_n-768x576.jpg 768w, http:\/\/www.betonskiokrasniizdelki.si\/wp-content\/uploads\/2024\/03\/430459090_2437486929773768_8863809317318156386_n-1536x1152.jpg 1536w, http:\/\/www.betonskiokrasniizdelki.si\/wp-content\/uploads\/2024\/03\/430459090_2437486929773768_8863809317318156386_n-676x507.jpg 676w\" sizes=\"auto, (max-width: 2048px) 100vw, 2048px\" \/><\/a><figcaption class=\"wp-element-caption\"><strong>Dol\u017eina pribli\u017eno 270 cm,1000,00\u20ac<\/strong><\/figcaption><\/figure>\n\n\n\n<figure class=\"wp-block-image size-large\"><a href=\"https:\/\/www.betonskiokrasniizdelki.si\/wp-content\/uploads\/2024\/03\/431112039_2437486996440428_3526864711551535974_n.jpg\"><img loading=\"lazy\" decoding=\"async\" width=\"2048\" height=\"1536\" data-id=\"1136\" src=\"https:\/\/www.betonskiokrasniizdelki.si\/wp-content\/uploads\/2024\/03\/431112039_2437486996440428_3526864711551535974_n.jpg\" alt=\"\" class=\"wp-image-1136\" srcset=\"http:\/\/www.betonskiokrasniizdelki.si\/wp-content\/uploads\/2024\/03\/431112039_2437486996440428_3526864711551535974_n.jpg 2048w, http:\/\/www.betonskiokrasniizdelki.si\/wp-content\/uploads\/2024\/03\/431112039_2437486996440428_3526864711551535974_n-300x225.jpg 300w, http:\/\/www.betonskiokrasniizdelki.si\/wp-content\/uploads\/2024\/03\/431112039_2437486996440428_3526864711551535974_n-1024x768.jpg 1024w, http:\/\/www.betonskiokrasniizdelki.si\/wp-content\/uploads\/2024\/03\/431112039_2437486996440428_3526864711551535974_n-768x576.jpg 768w, http:\/\/www.betonskiokrasniizdelki.si\/wp-content\/uploads\/2024\/03\/431112039_2437486996440428_3526864711551535974_n-1536x1152.jpg 1536w, http:\/\/www.betonskiokrasniizdelki.si\/wp-content\/uploads\/2024\/03\/431112039_2437486996440428_3526864711551535974_n-676x507.jpg 676w\" sizes=\"auto, (max-width: 2048px) 100vw, 2048px\" \/><\/a><\/figure>\n\n\n\n<figure class=\"wp-block-image size-large\"><a href=\"https:\/\/www.betonskiokrasniizdelki.si\/wp-content\/uploads\/2024\/03\/430459090_2437486929773768_8863809317318156386_n-1.jpg\"><img loading=\"lazy\" decoding=\"async\" width=\"1024\" height=\"768\" data-id=\"1140\" src=\"https:\/\/www.betonskiokrasniizdelki.si\/wp-content\/uploads\/2024\/03\/430459090_2437486929773768_8863809317318156386_n-1-1024x768.jpg\" alt=\"\" class=\"wp-image-1140\" srcset=\"http:\/\/www.betonskiokrasniizdelki.si\/wp-content\/uploads\/2024\/03\/430459090_2437486929773768_8863809317318156386_n-1-1024x768.jpg 1024w, http:\/\/www.betonskiokrasniizdelki.si\/wp-content\/uploads\/2024\/03\/430459090_2437486929773768_8863809317318156386_n-1-300x225.jpg 300w, http:\/\/www.betonskiokrasniizdelki.si\/wp-content\/uploads\/2024\/03\/430459090_2437486929773768_8863809317318156386_n-1-768x576.jpg 768w, http:\/\/www.betonskiokrasniizdelki.si\/wp-content\/uploads\/2024\/03\/430459090_2437486929773768_8863809317318156386_n-1-1536x1152.jpg 1536w, http:\/\/www.betonskiokrasniizdelki.si\/wp-content\/uploads\/2024\/03\/430459090_2437486929773768_8863809317318156386_n-1-676x507.jpg 676w, http:\/\/www.betonskiokrasniizdelki.si\/wp-content\/uploads\/2024\/03\/430459090_2437486929773768_8863809317318156386_n-1.jpg 2048w\" sizes=\"auto, (max-width: 1024px) 100vw, 1024px\" \/><\/a><\/figure>\n\n\n\n<figure class=\"wp-block-image size-large\"><a href=\"https:\/\/www.betonskiokrasniizdelki.si\/wp-content\/uploads\/2024\/03\/431112039_2437486996440428_3526864711551535974_n-1.jpg\"><img loading=\"lazy\" decoding=\"async\" width=\"1024\" height=\"768\" data-id=\"1139\" src=\"https:\/\/www.betonskiokrasniizdelki.si\/wp-content\/uploads\/2024\/03\/431112039_2437486996440428_3526864711551535974_n-1-1024x768.jpg\" alt=\"\" class=\"wp-image-1139\" srcset=\"http:\/\/www.betonskiokrasniizdelki.si\/wp-content\/uploads\/2024\/03\/431112039_2437486996440428_3526864711551535974_n-1-1024x768.jpg 1024w, http:\/\/www.betonskiokrasniizdelki.si\/wp-content\/uploads\/2024\/03\/431112039_2437486996440428_3526864711551535974_n-1-300x225.jpg 300w, http:\/\/www.betonskiokrasniizdelki.si\/wp-content\/uploads\/2024\/03\/431112039_2437486996440428_3526864711551535974_n-1-768x576.jpg 768w, http:\/\/www.betonskiokrasniizdelki.si\/wp-content\/uploads\/2024\/03\/431112039_2437486996440428_3526864711551535974_n-1-1536x1152.jpg 1536w, http:\/\/www.betonskiokrasniizdelki.si\/wp-content\/uploads\/2024\/03\/431112039_2437486996440428_3526864711551535974_n-1-676x507.jpg 676w, http:\/\/www.betonskiokrasniizdelki.si\/wp-content\/uploads\/2024\/03\/431112039_2437486996440428_3526864711551535974_n-1.jpg 2048w\" sizes=\"auto, (max-width: 1024px) 100vw, 1024px\" \/><\/a><\/figure>\n\n\n\n<figure class=\"wp-block-image size-large\"><a href=\"https:\/\/www.betonskiokrasniizdelki.si\/wp-content\/uploads\/2024\/03\/294326439_1987315724790893_6292353539788831903_n.jpg\"><img loading=\"lazy\" decoding=\"async\" width=\"1024\" height=\"498\" data-id=\"1141\" src=\"https:\/\/www.betonskiokrasniizdelki.si\/wp-content\/uploads\/2024\/03\/294326439_1987315724790893_6292353539788831903_n-1024x498.jpg\" alt=\"\" class=\"wp-image-1141\" srcset=\"http:\/\/www.betonskiokrasniizdelki.si\/wp-content\/uploads\/2024\/03\/294326439_1987315724790893_6292353539788831903_n-1024x498.jpg 1024w, http:\/\/www.betonskiokrasniizdelki.si\/wp-content\/uploads\/2024\/03\/294326439_1987315724790893_6292353539788831903_n-300x146.jpg 300w, http:\/\/www.betonskiokrasniizdelki.si\/wp-content\/uploads\/2024\/03\/294326439_1987315724790893_6292353539788831903_n-768x374.jpg 768w, http:\/\/www.betonskiokrasniizdelki.si\/wp-content\/uploads\/2024\/03\/294326439_1987315724790893_6292353539788831903_n-1536x747.jpg 1536w, http:\/\/www.betonskiokrasniizdelki.si\/wp-content\/uploads\/2024\/03\/294326439_1987315724790893_6292353539788831903_n-676x329.jpg 676w, http:\/\/www.betonskiokrasniizdelki.si\/wp-content\/uploads\/2024\/03\/294326439_1987315724790893_6292353539788831903_n.jpg 2048w\" sizes=\"auto, (max-width: 1024px) 100vw, 1024px\" \/><\/a><\/figure>\n\n\n\n<figure class=\"wp-block-image size-large\"><a href=\"https:\/\/www.betonskiokrasniizdelki.si\/wp-content\/uploads\/2024\/03\/Dolzina-240-mteza-607-kg.jpg\"><img loading=\"lazy\" decoding=\"async\" width=\"1024\" height=\"498\" data-id=\"1142\" src=\"https:\/\/www.betonskiokrasniizdelki.si\/wp-content\/uploads\/2024\/03\/Dolzina-240-mteza-607-kg-1024x498.jpg\" alt=\"\" class=\"wp-image-1142\" srcset=\"http:\/\/www.betonskiokrasniizdelki.si\/wp-content\/uploads\/2024\/03\/Dolzina-240-mteza-607-kg-1024x498.jpg 1024w, http:\/\/www.betonskiokrasniizdelki.si\/wp-content\/uploads\/2024\/03\/Dolzina-240-mteza-607-kg-300x146.jpg 300w, http:\/\/www.betonskiokrasniizdelki.si\/wp-content\/uploads\/2024\/03\/Dolzina-240-mteza-607-kg-768x374.jpg 768w, http:\/\/www.betonskiokrasniizdelki.si\/wp-content\/uploads\/2024\/03\/Dolzina-240-mteza-607-kg-1536x747.jpg 1536w, http:\/\/www.betonskiokrasniizdelki.si\/wp-content\/uploads\/2024\/03\/Dolzina-240-mteza-607-kg-676x329.jpg 676w, http:\/\/www.betonskiokrasniizdelki.si\/wp-content\/uploads\/2024\/03\/Dolzina-240-mteza-607-kg.jpg 2048w\" sizes=\"auto, (max-width: 1024px) 100vw, 1024px\" \/><\/a><figcaption class=\"wp-element-caption\"><strong>Dol\u017eina pribli\u017eno 270 cm,1000,00\u20ac<\/strong><\/figcaption><\/figure>\n<\/figure>\n\n\n\n<figure class=\"wp-block-gallery has-nested-images columns-default is-cropped wp-block-gallery-4 is-layout-flex wp-block-gallery-is-layout-flex\">\n<figure class=\"wp-block-image size-large\"><a href=\"https:\/\/www.betonskiokrasniizdelki.si\/wp-content\/uploads\/2024\/03\/429477860_2432473483608446_2364805556716905384_n.jpg\"><img loading=\"lazy\" decoding=\"async\" width=\"1024\" height=\"768\" data-id=\"1146\" src=\"https:\/\/www.betonskiokrasniizdelki.si\/wp-content\/uploads\/2024\/03\/429477860_2432473483608446_2364805556716905384_n-1024x768.jpg\" alt=\"\" class=\"wp-image-1146\" srcset=\"http:\/\/www.betonskiokrasniizdelki.si\/wp-content\/uploads\/2024\/03\/429477860_2432473483608446_2364805556716905384_n-1024x768.jpg 1024w, http:\/\/www.betonskiokrasniizdelki.si\/wp-content\/uploads\/2024\/03\/429477860_2432473483608446_2364805556716905384_n-300x225.jpg 300w, http:\/\/www.betonskiokrasniizdelki.si\/wp-content\/uploads\/2024\/03\/429477860_2432473483608446_2364805556716905384_n-768x576.jpg 768w, http:\/\/www.betonskiokrasniizdelki.si\/wp-content\/uploads\/2024\/03\/429477860_2432473483608446_2364805556716905384_n-1536x1152.jpg 1536w, http:\/\/www.betonskiokrasniizdelki.si\/wp-content\/uploads\/2024\/03\/429477860_2432473483608446_2364805556716905384_n-676x507.jpg 676w, http:\/\/www.betonskiokrasniizdelki.si\/wp-content\/uploads\/2024\/03\/429477860_2432473483608446_2364805556716905384_n.jpg 2048w\" sizes=\"auto, (max-width: 1024px) 100vw, 1024px\" \/><\/a><figcaption class=\"wp-element-caption\">hdr<\/figcaption><\/figure>\n\n\n\n<figure class=\"wp-block-image size-large\"><a href=\"https:\/\/www.betonskiokrasniizdelki.si\/wp-content\/uploads\/2024\/03\/429531801_2432473403608454_2625788721050141809_n.jpg\"><img loading=\"lazy\" decoding=\"async\" width=\"1024\" height=\"768\" data-id=\"1145\" src=\"https:\/\/www.betonskiokrasniizdelki.si\/wp-content\/uploads\/2024\/03\/429531801_2432473403608454_2625788721050141809_n-1024x768.jpg\" alt=\"\" class=\"wp-image-1145\" srcset=\"http:\/\/www.betonskiokrasniizdelki.si\/wp-content\/uploads\/2024\/03\/429531801_2432473403608454_2625788721050141809_n-1024x768.jpg 1024w, http:\/\/www.betonskiokrasniizdelki.si\/wp-content\/uploads\/2024\/03\/429531801_2432473403608454_2625788721050141809_n-300x225.jpg 300w, http:\/\/www.betonskiokrasniizdelki.si\/wp-content\/uploads\/2024\/03\/429531801_2432473403608454_2625788721050141809_n-768x576.jpg 768w, http:\/\/www.betonskiokrasniizdelki.si\/wp-content\/uploads\/2024\/03\/429531801_2432473403608454_2625788721050141809_n-1536x1152.jpg 1536w, http:\/\/www.betonskiokrasniizdelki.si\/wp-content\/uploads\/2024\/03\/429531801_2432473403608454_2625788721050141809_n-676x507.jpg 676w, http:\/\/www.betonskiokrasniizdelki.si\/wp-content\/uploads\/2024\/03\/429531801_2432473403608454_2625788721050141809_n.jpg 2048w\" sizes=\"auto, (max-width: 1024px) 100vw, 1024px\" \/><\/a><figcaption class=\"wp-element-caption\"> <strong>        V 85 cm<br>          D 96 cm<br>cena 300,00\u20ac<\/strong><\/figcaption><\/figure>\n<\/figure>\n\n\n\n<figure class=\"wp-block-image size-full is-style-default\"><a href=\"https:\/\/www.betonskiokrasniizdelki.si\/wp-content\/uploads\/2024\/03\/43551108_939046696284473_3162432265980477440_n.jpg\"><img loading=\"lazy\" decoding=\"async\" width=\"960\" height=\"540\" src=\"https:\/\/www.betonskiokrasniizdelki.si\/wp-content\/uploads\/2024\/03\/43551108_939046696284473_3162432265980477440_n.jpg\" alt=\"\" class=\"wp-image-1174\" srcset=\"http:\/\/www.betonskiokrasniizdelki.si\/wp-content\/uploads\/2024\/03\/43551108_939046696284473_3162432265980477440_n.jpg 960w, http:\/\/www.betonskiokrasniizdelki.si\/wp-content\/uploads\/2024\/03\/43551108_939046696284473_3162432265980477440_n-300x169.jpg 300w, http:\/\/www.betonskiokrasniizdelki.si\/wp-content\/uploads\/2024\/03\/43551108_939046696284473_3162432265980477440_n-768x432.jpg 768w, http:\/\/www.betonskiokrasniizdelki.si\/wp-content\/uploads\/2024\/03\/43551108_939046696284473_3162432265980477440_n-676x380.jpg 676w\" sizes=\"auto, (max-width: 960px) 100vw, 960px\" \/><\/a><figcaption class=\"wp-element-caption\">Konji in ko\u010dija dol\u017eine pribli\u017eno 270cm,vi\u0161ina 85cm,Cena 1000,00\u20ac<\/figcaption><\/figure>\n\n\n\n<figure class=\"wp-block-image size-large is-style-default\"><a href=\"https:\/\/www.betonskiokrasniizdelki.si\/wp-content\/uploads\/2024\/03\/20220808_153754-1-scaled.jpg\"><img loading=\"lazy\" decoding=\"async\" width=\"1024\" height=\"498\" src=\"https:\/\/www.betonskiokrasniizdelki.si\/wp-content\/uploads\/2024\/03\/20220808_153754-1-1024x498.jpg\" alt=\"\" class=\"wp-image-1177\" srcset=\"http:\/\/www.betonskiokrasniizdelki.si\/wp-content\/uploads\/2024\/03\/20220808_153754-1-1024x498.jpg 1024w, http:\/\/www.betonskiokrasniizdelki.si\/wp-content\/uploads\/2024\/03\/20220808_153754-1-300x146.jpg 300w, http:\/\/www.betonskiokrasniizdelki.si\/wp-content\/uploads\/2024\/03\/20220808_153754-1-768x373.jpg 768w, http:\/\/www.betonskiokrasniizdelki.si\/wp-content\/uploads\/2024\/03\/20220808_153754-1-1536x747.jpg 1536w, http:\/\/www.betonskiokrasniizdelki.si\/wp-content\/uploads\/2024\/03\/20220808_153754-1-2048x996.jpg 2048w, http:\/\/www.betonskiokrasniizdelki.si\/wp-content\/uploads\/2024\/03\/20220808_153754-1-676x329.jpg 676w\" sizes=\"auto, (max-width: 1024px) 100vw, 1024px\" \/><\/a><figcaption class=\"wp-element-caption\"><strong>Dol\u017eina pribli\u017eno 270 cm,1000,00\u20ac<\/strong><\/figcaption><\/figure>\n","protected":false},"excerpt":{"rendered":"","protected":false},"author":1,"featured_media":0,"parent":340,"menu_order":0,"comment_status":"closed","ping_status":"closed","template":"","meta":{"footnotes":""},"class_list":["post-499","page","type-page","status-publish","hentry","post-preview"],"_links":{"self":[{"href":"http:\/\/www.betonskiokrasniizdelki.si\/index.php?rest_route=\/wp\/v2\/pages\/499","targetHints":{"allow":["GET"]}}],"collection":[{"href":"http:\/\/www.betonskiokrasniizdelki.si\/index.php?rest_route=\/wp\/v2\/pages"}],"about":[{"href":"http:\/\/www.betonskiokrasniizdelki.si\/index.php?rest_route=\/wp\/v2\/types\/page"}],"author":[{"embeddable":true,"href":"http:\/\/www.betonskiokrasniizdelki.si\/index.php?rest_route=\/wp\/v2\/users\/1"}],"replies":[{"embeddable":true,"href":"http:\/\/www.betonskiokrasniizdelki.si\/index.php?rest_route=%2Fwp%2Fv2%2Fcomments&post=499"}],"version-history":[{"count":15,"href":"http:\/\/www.betonskiokrasniizdelki.si\/index.php?rest_route=\/wp\/v2\/pages\/499\/revisions"}],"predecessor-version":[{"id":1313,"href":"http:\/\/www.betonskiokrasniizdelki.si\/index.php?rest_route=\/wp\/v2\/pages\/499\/revisions\/1313"}],"up":[{"embeddable":true,"href":"http:\/\/www.betonskiokrasniizdelki.si\/index.php?rest_route=\/wp\/v2\/pages\/340"}],"wp:attachment":[{"href":"http:\/\/www.betonskiokrasniizdelki.si\/index.php?rest_route=%2Fwp%2Fv2%2Fmedia&parent=499"}],"curies":[{"name":"wp","href":"https:\/\/api.w.org\/{rel}","templated":true}]}}