{"id":1264,"date":"2025-03-18T10:28:42","date_gmt":"2025-03-18T09:28:42","guid":{"rendered":"https:\/\/www.betonskiokrasniizdelki.si\/?page_id=1264"},"modified":"2025-06-23T10:13:01","modified_gmt":"2025-06-23T08:13:01","slug":"vrtni-umivalniki","status":"publish","type":"page","link":"http:\/\/www.betonskiokrasniizdelki.si\/?page_id=1264","title":{"rendered":"Vrtni umivalniki"},"content":{"rendered":"\n<p>Umivalnik<\/p>\n\n\n\n<figure class=\"wp-block-image size-large\"><a href=\"https:\/\/www.betonskiokrasniizdelki.si\/wp-content\/uploads\/2025\/03\/180-kg.jpg\"><img loading=\"lazy\" decoding=\"async\" width=\"764\" height=\"1024\" src=\"https:\/\/www.betonskiokrasniizdelki.si\/wp-content\/uploads\/2025\/03\/180-kg-764x1024.jpg\" alt=\"\" class=\"wp-image-1272\" srcset=\"http:\/\/www.betonskiokrasniizdelki.si\/wp-content\/uploads\/2025\/03\/180-kg-764x1024.jpg 764w, http:\/\/www.betonskiokrasniizdelki.si\/wp-content\/uploads\/2025\/03\/180-kg-224x300.jpg 224w, http:\/\/www.betonskiokrasniizdelki.si\/wp-content\/uploads\/2025\/03\/180-kg-768x1029.jpg 768w, http:\/\/www.betonskiokrasniizdelki.si\/wp-content\/uploads\/2025\/03\/180-kg-1146x1536.jpg 1146w, http:\/\/www.betonskiokrasniizdelki.si\/wp-content\/uploads\/2025\/03\/180-kg-676x906.jpg 676w, http:\/\/www.betonskiokrasniizdelki.si\/wp-content\/uploads\/2025\/03\/180-kg.jpg 1504w\" sizes=\"auto, (max-width: 764px) 100vw, 764px\" \/><\/a><\/figure>\n\n\n\n<p>Vrtni umivalnik,240,00\u20ac<\/p>\n\n\n\n<figure class=\"wp-block-image size-large\"><a href=\"https:\/\/www.betonskiokrasniizdelki.si\/wp-content\/uploads\/2025\/03\/175-kg.jpg\"><img loading=\"lazy\" decoding=\"async\" width=\"764\" height=\"1024\" src=\"https:\/\/www.betonskiokrasniizdelki.si\/wp-content\/uploads\/2025\/03\/175-kg-764x1024.jpg\" alt=\"\" class=\"wp-image-1271\" srcset=\"http:\/\/www.betonskiokrasniizdelki.si\/wp-content\/uploads\/2025\/03\/175-kg-764x1024.jpg 764w, http:\/\/www.betonskiokrasniizdelki.si\/wp-content\/uploads\/2025\/03\/175-kg-224x300.jpg 224w, http:\/\/www.betonskiokrasniizdelki.si\/wp-content\/uploads\/2025\/03\/175-kg-768x1029.jpg 768w, http:\/\/www.betonskiokrasniizdelki.si\/wp-content\/uploads\/2025\/03\/175-kg-1146x1536.jpg 1146w, http:\/\/www.betonskiokrasniizdelki.si\/wp-content\/uploads\/2025\/03\/175-kg-676x906.jpg 676w, http:\/\/www.betonskiokrasniizdelki.si\/wp-content\/uploads\/2025\/03\/175-kg.jpg 1504w\" sizes=\"auto, (max-width: 764px) 100vw, 764px\" \/><\/a><\/figure>\n\n\n\n<p><strong><mark style=\"background-color:#fff\" class=\"has-inline-color has-accent-color\">Vrtni umivalnik,240,00\u20ac<\/mark><\/strong><\/p>\n\n\n\n<figure class=\"wp-block-image size-full\"><a href=\"https:\/\/www.betonskiokrasniizdelki.si\/wp-content\/uploads\/2025\/03\/473443407_2711501695705622_5703388100861976225_n.jpg\"><img loading=\"lazy\" decoding=\"async\" width=\"655\" height=\"1024\" src=\"https:\/\/www.betonskiokrasniizdelki.si\/wp-content\/uploads\/2025\/03\/473443407_2711501695705622_5703388100861976225_n.jpg\" alt=\"\" class=\"wp-image-1270\" srcset=\"http:\/\/www.betonskiokrasniizdelki.si\/wp-content\/uploads\/2025\/03\/473443407_2711501695705622_5703388100861976225_n.jpg 655w, http:\/\/www.betonskiokrasniizdelki.si\/wp-content\/uploads\/2025\/03\/473443407_2711501695705622_5703388100861976225_n-192x300.jpg 192w\" sizes=\"auto, (max-width: 655px) 100vw, 655px\" \/><\/a><\/figure>\n\n\n\n<figure class=\"wp-block-image size-large\"><a href=\"https:\/\/www.betonskiokrasniizdelki.si\/wp-content\/uploads\/2025\/03\/484032066_2769465403242584_6716894886904499089_n.jpg\"><img loading=\"lazy\" decoding=\"async\" width=\"768\" height=\"1024\" src=\"https:\/\/www.betonskiokrasniizdelki.si\/wp-content\/uploads\/2025\/03\/484032066_2769465403242584_6716894886904499089_n-768x1024.jpg\" alt=\"\" class=\"wp-image-1297\" srcset=\"http:\/\/www.betonskiokrasniizdelki.si\/wp-content\/uploads\/2025\/03\/484032066_2769465403242584_6716894886904499089_n-768x1024.jpg 768w, http:\/\/www.betonskiokrasniizdelki.si\/wp-content\/uploads\/2025\/03\/484032066_2769465403242584_6716894886904499089_n-225x300.jpg 225w, http:\/\/www.betonskiokrasniizdelki.si\/wp-content\/uploads\/2025\/03\/484032066_2769465403242584_6716894886904499089_n-1152x1536.jpg 1152w, http:\/\/www.betonskiokrasniizdelki.si\/wp-content\/uploads\/2025\/03\/484032066_2769465403242584_6716894886904499089_n-676x901.jpg 676w, http:\/\/www.betonskiokrasniizdelki.si\/wp-content\/uploads\/2025\/03\/484032066_2769465403242584_6716894886904499089_n.jpg 1200w\" sizes=\"auto, (max-width: 768px) 100vw, 768px\" \/><\/a><\/figure>\n\n\n\n<h2 class=\"wp-block-heading\">Vrtni umivalnik z dodatno mizo,380,00\u20ac<\/h2>\n\n\n\n<h2 class=\"wp-block-heading\">Vrtni umivalnik z dodatno mizo,380,00\u20ac<\/h2>\n\n\n\n<figure class=\"wp-block-image size-large\"><a href=\"https:\/\/www.betonskiokrasniizdelki.si\/wp-content\/uploads\/2025\/03\/484752136_2769846856537772_4261865384752571240_n-2.jpg\"><img loading=\"lazy\" decoding=\"async\" width=\"768\" height=\"1024\" src=\"https:\/\/www.betonskiokrasniizdelki.si\/wp-content\/uploads\/2025\/03\/484752136_2769846856537772_4261865384752571240_n-2-768x1024.jpg\" alt=\"\" class=\"wp-image-1308\" srcset=\"http:\/\/www.betonskiokrasniizdelki.si\/wp-content\/uploads\/2025\/03\/484752136_2769846856537772_4261865384752571240_n-2-768x1024.jpg 768w, http:\/\/www.betonskiokrasniizdelki.si\/wp-content\/uploads\/2025\/03\/484752136_2769846856537772_4261865384752571240_n-2-225x300.jpg 225w, http:\/\/www.betonskiokrasniizdelki.si\/wp-content\/uploads\/2025\/03\/484752136_2769846856537772_4261865384752571240_n-2-1152x1536.jpg 1152w, http:\/\/www.betonskiokrasniizdelki.si\/wp-content\/uploads\/2025\/03\/484752136_2769846856537772_4261865384752571240_n-2-676x901.jpg 676w, http:\/\/www.betonskiokrasniizdelki.si\/wp-content\/uploads\/2025\/03\/484752136_2769846856537772_4261865384752571240_n-2.jpg 1536w\" sizes=\"auto, (max-width: 768px) 100vw, 768px\" \/><\/a><\/figure>\n\n\n\n<h2 class=\"wp-block-heading\">Vrtni umivalnik z dodatno mizo,400,00\u20ac<\/h2>\n\n\n\n<figure class=\"wp-block-image size-large\"><a href=\"https:\/\/www.betonskiokrasniizdelki.si\/wp-content\/uploads\/2025\/03\/434886009_2455859081269886_6607911014988711054.jpg\"><img loading=\"lazy\" decoding=\"async\" width=\"768\" height=\"1024\" src=\"https:\/\/www.betonskiokrasniizdelki.si\/wp-content\/uploads\/2025\/03\/434886009_2455859081269886_6607911014988711054-768x1024.jpg\" alt=\"\" class=\"wp-image-1300\" srcset=\"http:\/\/www.betonskiokrasniizdelki.si\/wp-content\/uploads\/2025\/03\/434886009_2455859081269886_6607911014988711054-768x1024.jpg 768w, http:\/\/www.betonskiokrasniizdelki.si\/wp-content\/uploads\/2025\/03\/434886009_2455859081269886_6607911014988711054-225x300.jpg 225w, http:\/\/www.betonskiokrasniizdelki.si\/wp-content\/uploads\/2025\/03\/434886009_2455859081269886_6607911014988711054-1152x1536.jpg 1152w, http:\/\/www.betonskiokrasniizdelki.si\/wp-content\/uploads\/2025\/03\/434886009_2455859081269886_6607911014988711054-676x901.jpg 676w, http:\/\/www.betonskiokrasniizdelki.si\/wp-content\/uploads\/2025\/03\/434886009_2455859081269886_6607911014988711054.jpg 1536w\" sizes=\"auto, (max-width: 768px) 100vw, 768px\" \/><\/a><\/figure>\n\n\n\n<h2 class=\"wp-block-heading\"><\/h2>\n\n\n\n<figure class=\"wp-block-image size-large\"><img loading=\"lazy\" decoding=\"async\" width=\"762\" height=\"1024\" src=\"https:\/\/www.betonskiokrasniizdelki.si\/wp-content\/uploads\/2020\/10\/119137503_1465117947010676_4140459722418320307_o-1-762x1024.jpg\" alt=\"\" class=\"wp-image-920\" srcset=\"http:\/\/www.betonskiokrasniizdelki.si\/wp-content\/uploads\/2020\/10\/119137503_1465117947010676_4140459722418320307_o-1-762x1024.jpg 762w, http:\/\/www.betonskiokrasniizdelki.si\/wp-content\/uploads\/2020\/10\/119137503_1465117947010676_4140459722418320307_o-1-223x300.jpg 223w, http:\/\/www.betonskiokrasniizdelki.si\/wp-content\/uploads\/2020\/10\/119137503_1465117947010676_4140459722418320307_o-1-768x1032.jpg 768w, http:\/\/www.betonskiokrasniizdelki.si\/wp-content\/uploads\/2020\/10\/119137503_1465117947010676_4140459722418320307_o-1-676x908.jpg 676w, http:\/\/www.betonskiokrasniizdelki.si\/wp-content\/uploads\/2020\/10\/119137503_1465117947010676_4140459722418320307_o-1.jpg 1072w\" sizes=\"auto, (max-width: 762px) 100vw, 762px\" \/><figcaption class=\"wp-element-caption\"><strong>Umivalnik-beton<br>Vi\u0161ina 122x \u0161irina 64 cm,vi\u0161ina mize 54cm,globina 34 cm<br>Cena 240,00\u20ac<\/strong><\/figcaption><\/figure>\n\n\n\n<figure class=\"wp-block-image size-large\"><a href=\"https:\/\/www.betonskiokrasniizdelki.si\/wp-content\/uploads\/2025\/03\/209975826_1700368853485583_902553031998710391_n-1.jpg\"><img loading=\"lazy\" decoding=\"async\" width=\"768\" height=\"1024\" src=\"https:\/\/www.betonskiokrasniizdelki.si\/wp-content\/uploads\/2025\/03\/209975826_1700368853485583_902553031998710391_n-1-768x1024.jpg\" alt=\"\" class=\"wp-image-1287\" srcset=\"http:\/\/www.betonskiokrasniizdelki.si\/wp-content\/uploads\/2025\/03\/209975826_1700368853485583_902553031998710391_n-1-768x1024.jpg 768w, http:\/\/www.betonskiokrasniizdelki.si\/wp-content\/uploads\/2025\/03\/209975826_1700368853485583_902553031998710391_n-1-225x300.jpg 225w, http:\/\/www.betonskiokrasniizdelki.si\/wp-content\/uploads\/2025\/03\/209975826_1700368853485583_902553031998710391_n-1-1152x1536.jpg 1152w, http:\/\/www.betonskiokrasniizdelki.si\/wp-content\/uploads\/2025\/03\/209975826_1700368853485583_902553031998710391_n-1-676x901.jpg 676w, http:\/\/www.betonskiokrasniizdelki.si\/wp-content\/uploads\/2025\/03\/209975826_1700368853485583_902553031998710391_n-1.jpg 1200w\" sizes=\"auto, (max-width: 768px) 100vw, 768px\" \/><\/a><\/figure>\n\n\n\n<p><strong>Vrtni umivalnik,190,00\u20ac<\/strong><\/p>\n\n\n\n<figure class=\"wp-block-image size-large\"><a href=\"https:\/\/www.betonskiokrasniizdelki.si\/wp-content\/uploads\/2025\/03\/350261027_1998696707149657_9038770023009610174_n.jpg\"><img loading=\"lazy\" decoding=\"async\" width=\"768\" height=\"1024\" src=\"https:\/\/www.betonskiokrasniizdelki.si\/wp-content\/uploads\/2025\/03\/350261027_1998696707149657_9038770023009610174_n-768x1024.jpg\" alt=\"\" class=\"wp-image-1288\" srcset=\"http:\/\/www.betonskiokrasniizdelki.si\/wp-content\/uploads\/2025\/03\/350261027_1998696707149657_9038770023009610174_n-768x1024.jpg 768w, http:\/\/www.betonskiokrasniizdelki.si\/wp-content\/uploads\/2025\/03\/350261027_1998696707149657_9038770023009610174_n-225x300.jpg 225w, http:\/\/www.betonskiokrasniizdelki.si\/wp-content\/uploads\/2025\/03\/350261027_1998696707149657_9038770023009610174_n-1152x1536.jpg 1152w, http:\/\/www.betonskiokrasniizdelki.si\/wp-content\/uploads\/2025\/03\/350261027_1998696707149657_9038770023009610174_n-676x901.jpg 676w, http:\/\/www.betonskiokrasniizdelki.si\/wp-content\/uploads\/2025\/03\/350261027_1998696707149657_9038770023009610174_n.jpg 1536w\" sizes=\"auto, (max-width: 768px) 100vw, 768px\" \/><\/a><\/figure>\n\n\n\n<p><strong>Vrtni umivalnik z oglato korito,260,00\u20ac<\/strong><\/p>\n\n\n\n<p><\/p>\n\n\n\n<figure class=\"wp-block-gallery has-nested-images columns-default is-cropped wp-block-gallery-1 is-layout-flex wp-block-gallery-is-layout-flex\">\n<figure class=\"wp-block-image size-large\"><a href=\"https:\/\/www.betonskiokrasniizdelki.si\/wp-content\/uploads\/2025\/06\/494905146_2823132124542578_1690553977707286077_n-1.jpg\"><img loading=\"lazy\" decoding=\"async\" width=\"576\" height=\"1024\" data-id=\"1321\" src=\"https:\/\/www.betonskiokrasniizdelki.si\/wp-content\/uploads\/2025\/06\/494905146_2823132124542578_1690553977707286077_n-1-576x1024.jpg\" alt=\"\" class=\"wp-image-1321\" srcset=\"http:\/\/www.betonskiokrasniizdelki.si\/wp-content\/uploads\/2025\/06\/494905146_2823132124542578_1690553977707286077_n-1-576x1024.jpg 576w, http:\/\/www.betonskiokrasniizdelki.si\/wp-content\/uploads\/2025\/06\/494905146_2823132124542578_1690553977707286077_n-1-169x300.jpg 169w, http:\/\/www.betonskiokrasniizdelki.si\/wp-content\/uploads\/2025\/06\/494905146_2823132124542578_1690553977707286077_n-1-676x1202.jpg 676w, http:\/\/www.betonskiokrasniizdelki.si\/wp-content\/uploads\/2025\/06\/494905146_2823132124542578_1690553977707286077_n-1.jpg 720w\" sizes=\"auto, (max-width: 576px) 100vw, 576px\" \/><\/a><\/figure>\n<\/figure>\n\n\n<div class=\"wp-block-image\">\n<figure class=\"alignleft size-large\"><a href=\"https:\/\/www.betonskiokrasniizdelki.si\/wp-content\/uploads\/2025\/06\/494749037_2823132167875907_7297904926766519508_n.jpg\"><img loading=\"lazy\" decoding=\"async\" width=\"576\" height=\"1024\" src=\"https:\/\/www.betonskiokrasniizdelki.si\/wp-content\/uploads\/2025\/06\/494749037_2823132167875907_7297904926766519508_n-576x1024.jpg\" alt=\"\" class=\"wp-image-1323\" srcset=\"http:\/\/www.betonskiokrasniizdelki.si\/wp-content\/uploads\/2025\/06\/494749037_2823132167875907_7297904926766519508_n-576x1024.jpg 576w, http:\/\/www.betonskiokrasniizdelki.si\/wp-content\/uploads\/2025\/06\/494749037_2823132167875907_7297904926766519508_n-169x300.jpg 169w, http:\/\/www.betonskiokrasniizdelki.si\/wp-content\/uploads\/2025\/06\/494749037_2823132167875907_7297904926766519508_n-676x1202.jpg 676w, http:\/\/www.betonskiokrasniizdelki.si\/wp-content\/uploads\/2025\/06\/494749037_2823132167875907_7297904926766519508_n.jpg 720w\" sizes=\"auto, (max-width: 576px) 100vw, 576px\" \/><\/a><\/figure>\n<\/div>\n\n\n<p>Vrtni umivalnik z lito pipo 300,00\u20ac<\/p>\n","protected":false},"excerpt":{"rendered":"<p>Umivalnik Vrtni umivalnik,240,00\u20ac Vrtni umivalnik,240,00\u20ac Vrtni umivalnik z dodatno mizo,380,00\u20ac Vrtni umivalnik z dodatno mizo,380,00\u20ac Vrtni umivalnik z dodatno mizo,400,00\u20ac Vrtni umivalnik,190,00\u20ac Vrtni umivalnik z oglato korito,260,00\u20ac Vrtni umivalnik z lito pipo 300,00\u20ac<\/p>\n","protected":false},"author":1,"featured_media":0,"parent":0,"menu_order":0,"comment_status":"closed","ping_status":"closed","template":"","meta":{"footnotes":""},"class_list":["post-1264","page","type-page","status-publish","hentry","post-preview"],"_links":{"self":[{"href":"http:\/\/www.betonskiokrasniizdelki.si\/index.php?rest_route=\/wp\/v2\/pages\/1264","targetHints":{"allow":["GET"]}}],"collection":[{"href":"http:\/\/www.betonskiokrasniizdelki.si\/index.php?rest_route=\/wp\/v2\/pages"}],"about":[{"href":"http:\/\/www.betonskiokrasniizdelki.si\/index.php?rest_route=\/wp\/v2\/types\/page"}],"author":[{"embeddable":true,"href":"http:\/\/www.betonskiokrasniizdelki.si\/index.php?rest_route=\/wp\/v2\/users\/1"}],"replies":[{"embeddable":true,"href":"http:\/\/www.betonskiokrasniizdelki.si\/index.php?rest_route=%2Fwp%2Fv2%2Fcomments&post=1264"}],"version-history":[{"count":18,"href":"http:\/\/www.betonskiokrasniizdelki.si\/index.php?rest_route=\/wp\/v2\/pages\/1264\/revisions"}],"predecessor-version":[{"id":1324,"href":"http:\/\/www.betonskiokrasniizdelki.si\/index.php?rest_route=\/wp\/v2\/pages\/1264\/revisions\/1324"}],"wp:attachment":[{"href":"http:\/\/www.betonskiokrasniizdelki.si\/index.php?rest_route=%2Fwp%2Fv2%2Fmedia&parent=1264"}],"curies":[{"name":"wp","href":"https:\/\/api.w.org\/{rel}","templated":true}]}}